{"id":111,"date":"2023-01-25T21:18:06","date_gmt":"2023-01-25T21:18:06","guid":{"rendered":"https:\/\/devenirmanucureprofessionnel.com\/?page_id=111"},"modified":"2023-01-25T21:24:16","modified_gmt":"2023-01-25T21:24:16","slug":"termosecondicoes","status":"publish","type":"page","link":"https:\/\/devenirmanucureprofessionnel.com\/index.php\/termosecondicoes\/","title":{"rendered":"Termos e Condi\u00e7\u00f5es"},"content":{"rendered":"\t\t<div data-elementor-type=\"wp-page\" data-elementor-id=\"111\" class=\"elementor elementor-111\">\n\t\t\t\t\t\t\t\t\t<section class=\"elementor-section elementor-top-section elementor-element elementor-element-51351c0 elementor-section-boxed elementor-section-height-default elementor-section-height-default\" data-id=\"51351c0\" data-element_type=\"section\">\n\t\t\t\t\t\t<div class=\"elementor-container elementor-column-gap-default\">\n\t\t\t\t\t<div class=\"elementor-column elementor-col-100 elementor-top-column elementor-element elementor-element-bed7b6e\" data-id=\"bed7b6e\" data-element_type=\"column\">\n\t\t\t<div class=\"elementor-widget-wrap elementor-element-populated\">\n\t\t\t\t\t\t\t\t<div class=\"elementor-element elementor-element-c8f4197 elementor-widget elementor-widget-heading\" data-id=\"c8f4197\" data-element_type=\"widget\" data-widget_type=\"heading.default\">\n\t\t\t\t<div class=\"elementor-widget-container\">\n\t\t\t<style>\/*! elementor - v3.10.1 - 17-01-2023 *\/\n.elementor-heading-title{padding:0;margin:0;line-height:1}.elementor-widget-heading .elementor-heading-title[class*=elementor-size-]>a{color:inherit;font-size:inherit;line-height:inherit}.elementor-widget-heading .elementor-heading-title.elementor-size-small{font-size:15px}.elementor-widget-heading .elementor-heading-title.elementor-size-medium{font-size:19px}.elementor-widget-heading .elementor-heading-title.elementor-size-large{font-size:29px}.elementor-widget-heading .elementor-heading-title.elementor-size-xl{font-size:39px}.elementor-widget-heading .elementor-heading-title.elementor-size-xxl{font-size:59px}<\/style><h2 class=\"elementor-heading-title elementor-size-default\">Termos de Uso<\/h2>\t\t<\/div>\n\t\t\t\t<\/div>\n\t\t\t\t<div class=\"elementor-element elementor-element-d7791d0 elementor-widget elementor-widget-text-editor\" data-id=\"d7791d0\" data-element_type=\"widget\" data-widget_type=\"text-editor.default\">\n\t\t\t\t<div class=\"elementor-widget-container\">\n\t\t\t<style>\/*! elementor - v3.10.1 - 17-01-2023 *\/\n.elementor-widget-text-editor.elementor-drop-cap-view-stacked .elementor-drop-cap{background-color:#818a91;color:#fff}.elementor-widget-text-editor.elementor-drop-cap-view-framed .elementor-drop-cap{color:#818a91;border:3px solid;background-color:transparent}.elementor-widget-text-editor:not(.elementor-drop-cap-view-default) .elementor-drop-cap{margin-top:8px}.elementor-widget-text-editor:not(.elementor-drop-cap-view-default) .elementor-drop-cap-letter{width:1em;height:1em}.elementor-widget-text-editor .elementor-drop-cap{float:left;text-align:center;line-height:1;font-size:50px}.elementor-widget-text-editor .elementor-drop-cap-letter{display:inline-block}<\/style>\t\t\t\t<ol><li><p>Condi\u00e7\u00f5es de uso: Ao acessar esta landing page e fazer sua inscri\u00e7\u00e3o para a forma\u00e7\u00e3o de manicure, voc\u00ea concorda em seguir todos os termos e condi\u00e7\u00f5es estabelecidos neste documento.<\/p><\/li><li><p>Pagamento: O pagamento da forma\u00e7\u00e3o deve ser realizado antes do in\u00edcio da mesma, e pode ser feito atrav\u00e9s dos meios de pagamento disponibilizados na landing page. O n\u00e3o pagamento ou o pagamento incompleto resultar\u00e1 na cancelamento da inscri\u00e7\u00e3o.<\/p><\/li><li><p>Altera\u00e7\u00f5es no programa: Reservamo-nos o direito de modificar o programa da forma\u00e7\u00e3o, incluindo datas, hor\u00e1rios e local, sem aviso pr\u00e9vio. No caso de cancelamento da forma\u00e7\u00e3o por nossa parte, o valor pago ser\u00e1 devolvido.<\/p><\/li><li><p>Pol\u00edtica de cancelamento: A inscri\u00e7\u00e3o na forma\u00e7\u00e3o \u00e9 irrevog\u00e1vel e n\u00e3o reembols\u00e1vel. No entanto, caso voc\u00ea n\u00e3o possa participar da forma\u00e7\u00e3o, voc\u00ea pode oferecer sua vaga para outra pessoa.<\/p><\/li><li><p>Isen\u00e7\u00e3o de responsabilidade: N\u00e3o nos responsabilizamos por qualquer dano ou preju\u00edzo sofrido pelo participante durante ou em decorr\u00eancia da forma\u00e7\u00e3o.<\/p><\/li><li><p>Direitos autorais: Todo o conte\u00fado disponibilizado durante a forma\u00e7\u00e3o, incluindo apostilas, materiais de treinamento e outros, \u00e9 protegido por direitos autorais e n\u00e3o pode ser reproduzido ou distribu\u00eddo sem a permiss\u00e3o escrita.<\/p><\/li><li><p>Aceita\u00e7\u00e3o dos termos: Ao se inscrever para a forma\u00e7\u00e3o, voc\u00ea confirma ter lido e aceito estes termos de uso.<\/p><\/li><\/ol>\t\t\t\t\t\t<\/div>\n\t\t\t\t<\/div>\n\t\t\t\t\t<\/div>\n\t\t<\/div>\n\t\t\t\t\t\t\t<\/div>\n\t\t<\/section>\n\t\t\t\t\t\t\t<\/div>\n\t\t","protected":false},"excerpt":{"rendered":"<p>Termos de Uso Condi\u00e7\u00f5es de uso: Ao acessar esta landing page e fazer sua inscri\u00e7\u00e3o para a forma\u00e7\u00e3o de manicure, voc\u00ea concorda em seguir todos os termos e condi\u00e7\u00f5es estabelecidos neste documento. Pagamento: O pagamento da forma\u00e7\u00e3o deve ser realizado antes do in\u00edcio da mesma, e pode ser feito atrav\u00e9s dos meios de pagamento disponibilizados [&hellip;]<\/p>\n","protected":false},"author":1,"featured_media":0,"parent":0,"menu_order":0,"comment_status":"closed","ping_status":"closed","template":"elementor_canvas","meta":{"footnotes":""},"_links":{"self":[{"href":"https:\/\/devenirmanucureprofessionnel.com\/index.php\/wp-json\/wp\/v2\/pages\/111"}],"collection":[{"href":"https:\/\/devenirmanucureprofessionnel.com\/index.php\/wp-json\/wp\/v2\/pages"}],"about":[{"href":"https:\/\/devenirmanucureprofessionnel.com\/index.php\/wp-json\/wp\/v2\/types\/page"}],"author":[{"embeddable":true,"href":"https:\/\/devenirmanucureprofessionnel.com\/index.php\/wp-json\/wp\/v2\/users\/1"}],"replies":[{"embeddable":true,"href":"https:\/\/devenirmanucureprofessionnel.com\/index.php\/wp-json\/wp\/v2\/comments?post=111"}],"version-history":[{"count":5,"href":"https:\/\/devenirmanucureprofessionnel.com\/index.php\/wp-json\/wp\/v2\/pages\/111\/revisions"}],"predecessor-version":[{"id":116,"href":"https:\/\/devenirmanucureprofessionnel.com\/index.php\/wp-json\/wp\/v2\/pages\/111\/revisions\/116"}],"wp:attachment":[{"href":"https:\/\/devenirmanucureprofessionnel.com\/index.php\/wp-json\/wp\/v2\/media?parent=111"}],"curies":[{"name":"wp","href":"https:\/\/api.w.org\/{rel}","templated":true}]}}